{"id":1811,"date":"2024-05-06T15:26:24","date_gmt":"2024-05-06T15:26:24","guid":{"rendered":"http:\/\/www.schuetzenverein-umpferstedt.com\/?page_id=1811"},"modified":"2024-08-02T08:47:44","modified_gmt":"2024-08-02T08:47:44","slug":"training","status":"publish","type":"page","link":"https:\/\/www.schuetzenverein-umpferstedt.com\/?page_id=1811","title":{"rendered":"Training"},"content":{"rendered":"<h4><\/h4>\n<h2><span style=\"color: #008000;\"><strong>Trainingszeiten:<\/strong><\/span><\/h2>\n<ul>\n<li><strong>Jeden Samstag von 09.00 bis 16.00 Uhr<\/strong><br \/>\n<em>(\u00fcber technisch bedingte Ausnahmen wird vorher hier auf unserer Startseite &#8222;AKTUELLES&#8220;\u00a0 informiert)<strong>.<br \/>\nIn dieser Zeit k\u00f6nnen auch Gastsch\u00fctzen unser Trainingszeitangebot nutzen (gegen Geb\u00fchr -10\u20ac je angefangene Stunde)<br \/>\n<\/strong><\/em><\/li>\n<li><strong>Donnerstags 15.30 bis 19.00 Uhr &#8211; nur f\u00fcr Vereinsmitglieder<\/strong><\/li>\n<li><strong>In Abstimmung mit dem Vereinsvorsitzenden und einem Schie\u00dfleiter unseres Vereins k\u00f6nnen f\u00fcr unsere Vereinsmitglieder zus\u00e4tzliche Sondertrainingstermine vereinbart werden.<\/strong><\/li>\n<li><strong>Trainingsgruppen auch anderer Vereine k\u00f6nnen, wenn die rechtlichen Voraussetzungen gegeben sind, unsere Anlage bei Zustimmung des Vereinsvorsitzenden nutzen.<\/strong> (Dazu werden entsprechende Vorgespr\u00e4che und Vereinbarungen mit unserem Vereinsvorsitzenden getroffen.)<\/li>\n<\/ul>\n<p>&nbsp;<\/p>\n<p>&nbsp;<\/p>\n","protected":false},"excerpt":{"rendered":"<p>Trainingszeiten: Jeden Samstag von 09.00 bis 16.00 Uhr (\u00fcber technisch bedingte Ausnahmen wird vorher hier auf unserer Startseite &#8222;AKTUELLES&#8220;\u00a0 informiert). In dieser Zeit k\u00f6nnen auch Gastsch\u00fctzen unser Trainingszeitangebot nutzen (gegen Geb\u00fchr -10\u20ac je angefangene Stunde) Donnerstags 15.30 bis 19.00 Uhr &#8211; nur f\u00fcr Vereinsmitglieder In Abstimmung mit dem Vereinsvorsitzenden und einem Schie\u00dfleiter unseres Vereins k\u00f6nnen [&hellip;]<\/p>\n","protected":false},"author":3,"featured_media":0,"parent":0,"menu_order":0,"comment_status":"closed","ping_status":"closed","template":"","meta":{"ocean_post_layout":"","ocean_both_sidebars_style":"","ocean_both_sidebars_content_width":0,"ocean_both_sidebars_sidebars_width":0,"ocean_sidebar":"","ocean_second_sidebar":"","ocean_disable_margins":"enable","ocean_add_body_class":"","ocean_shortcode_before_top_bar":"","ocean_shortcode_after_top_bar":"","ocean_shortcode_before_header":"","ocean_shortcode_after_header":"","ocean_has_shortcode":"","ocean_shortcode_after_title":"","ocean_shortcode_before_footer_widgets":"","ocean_shortcode_after_footer_widgets":"","ocean_shortcode_before_footer_bottom":"","ocean_shortcode_after_footer_bottom":"","ocean_display_top_bar":"default","ocean_display_header":"default","ocean_header_style":"","ocean_center_header_left_menu":"","ocean_custom_header_template":"","ocean_custom_logo":0,"ocean_custom_retina_logo":0,"ocean_custom_logo_max_width":0,"ocean_custom_logo_tablet_max_width":0,"ocean_custom_logo_mobile_max_width":0,"ocean_custom_logo_max_height":0,"ocean_custom_logo_tablet_max_height":0,"ocean_custom_logo_mobile_max_height":0,"ocean_header_custom_menu":"","ocean_menu_typo_font_family":"","ocean_menu_typo_font_subset":"","ocean_menu_typo_font_size":0,"ocean_menu_typo_font_size_tablet":0,"ocean_menu_typo_font_size_mobile":0,"ocean_menu_typo_font_size_unit":"px","ocean_menu_typo_font_weight":"","ocean_menu_typo_font_weight_tablet":"","ocean_menu_typo_font_weight_mobile":"","ocean_menu_typo_transform":"","ocean_menu_typo_transform_tablet":"","ocean_menu_typo_transform_mobile":"","ocean_menu_typo_line_height":0,"ocean_menu_typo_line_height_tablet":0,"ocean_menu_typo_line_height_mobile":0,"ocean_menu_typo_line_height_unit":"","ocean_menu_typo_spacing":0,"ocean_menu_typo_spacing_tablet":0,"ocean_menu_typo_spacing_mobile":0,"ocean_menu_typo_spacing_unit":"","ocean_menu_link_color":"","ocean_menu_link_color_hover":"","ocean_menu_link_color_active":"","ocean_menu_link_background":"","ocean_menu_link_hover_background":"","ocean_menu_link_active_background":"","ocean_menu_social_links_bg":"","ocean_menu_social_hover_links_bg":"","ocean_menu_social_links_color":"","ocean_menu_social_hover_links_color":"","ocean_disable_title":"default","ocean_disable_heading":"default","ocean_post_title":"","ocean_post_subheading":"","ocean_post_title_style":"","ocean_post_title_background_color":"","ocean_post_title_background":0,"ocean_post_title_bg_image_position":"","ocean_post_title_bg_image_attachment":"","ocean_post_title_bg_image_repeat":"","ocean_post_title_bg_image_size":"","ocean_post_title_height":0,"ocean_post_title_bg_overlay":0.5,"ocean_post_title_bg_overlay_color":"","ocean_disable_breadcrumbs":"default","ocean_breadcrumbs_color":"","ocean_breadcrumbs_separator_color":"","ocean_breadcrumbs_links_color":"","ocean_breadcrumbs_links_hover_color":"","ocean_display_footer_widgets":"default","ocean_display_footer_bottom":"default","ocean_custom_footer_template":"","footnotes":""},"class_list":["post-1811","page","type-page","status-publish","hentry","entry"],"_links":{"self":[{"href":"https:\/\/www.schuetzenverein-umpferstedt.com\/index.php?rest_route=\/wp\/v2\/pages\/1811","targetHints":{"allow":["GET"]}}],"collection":[{"href":"https:\/\/www.schuetzenverein-umpferstedt.com\/index.php?rest_route=\/wp\/v2\/pages"}],"about":[{"href":"https:\/\/www.schuetzenverein-umpferstedt.com\/index.php?rest_route=\/wp\/v2\/types\/page"}],"author":[{"embeddable":true,"href":"https:\/\/www.schuetzenverein-umpferstedt.com\/index.php?rest_route=\/wp\/v2\/users\/3"}],"replies":[{"embeddable":true,"href":"https:\/\/www.schuetzenverein-umpferstedt.com\/index.php?rest_route=%2Fwp%2Fv2%2Fcomments&post=1811"}],"version-history":[{"count":10,"href":"https:\/\/www.schuetzenverein-umpferstedt.com\/index.php?rest_route=\/wp\/v2\/pages\/1811\/revisions"}],"predecessor-version":[{"id":2031,"href":"https:\/\/www.schuetzenverein-umpferstedt.com\/index.php?rest_route=\/wp\/v2\/pages\/1811\/revisions\/2031"}],"wp:attachment":[{"href":"https:\/\/www.schuetzenverein-umpferstedt.com\/index.php?rest_route=%2Fwp%2Fv2%2Fmedia&parent=1811"}],"curies":[{"name":"wp","href":"https:\/\/api.w.org\/{rel}","templated":true}]}}