{"id":1791,"date":"2024-05-06T15:16:43","date_gmt":"2024-05-06T15:16:43","guid":{"rendered":"http:\/\/www.schuetzenverein-umpferstedt.com\/?page_id=1791"},"modified":"2025-09-19T08:17:11","modified_gmt":"2025-09-19T08:17:11","slug":"oeffnungszeiten","status":"publish","type":"page","link":"https:\/\/www.schuetzenverein-umpferstedt.com\/?page_id=1791","title":{"rendered":"\u00d6ffnungszeiten"},"content":{"rendered":"<h4><strong><span style=\"color: #008000;\">Hier \u00d6ffnungszeiten und Nutzungsm\u00f6glichkeiten unserer Anlage durch Vereinsmitglieder und G\u00e4ste:<\/span><\/strong><\/h4>\n<ul>\n<li><strong>\u00d6FFNUNGSZEITEN Schie\u00dfstand<br \/>\n<\/strong>jeden Samstag von 09.00 bis 16.00 Uhr<br \/>\n(an Feiertagen geschlossen, \u00fcber techn. bedingte weitere Ausnahmen wird vorher hier informiert).<\/li>\n<li><strong>F\u00fcr Vereinsmitglieder\u00a0<\/strong>k\u00f6nnen in Abstimmung mit dem Vorstand und einem Schie\u00dfleiter zus\u00e4tzliche<strong>\u00a0Sondertrainingstermine\u00a0<\/strong>vereinbart werden.<\/li>\n<li><strong>Gastsch\u00fctzen, m\u00e4nnliche oder weiblich,\u00a0 k\u00f6nnen unsere Anlage zu den \u00d6ffnungszeiten am Samstag nutzen.\u00a0 Das Startgeld betr\u00e4gt dabei 10 Euro pro Stunde.<\/strong><\/li>\n<li><strong>Trainingsgruppen auch anderer <\/strong><strong>Vereine k\u00f6nnen unsere Anlage bei gegebenen rechtlichen Voraussetzungen und Zustimmung unseres Vereinsvorsitzenden nutzen.<\/strong>\u00a0(Dazu werden entsprechende Vorgespr\u00e4che und Vereinbarungen mit unserem Vereinsvorsitzenden getroffen.)<\/li>\n<\/ul>\n<p>Man erreich unser Sch\u00fctzenhaus und Anlage von der Bundesstra\u00dfe 7 aus, direkt zwischen den Ortschaften Umpferstedt und Frankendorf gelegen.<\/p>\n<p>&nbsp;<\/p>\n","protected":false},"excerpt":{"rendered":"<p>Hier \u00d6ffnungszeiten und Nutzungsm\u00f6glichkeiten unserer Anlage durch Vereinsmitglieder und G\u00e4ste: \u00d6FFNUNGSZEITEN Schie\u00dfstand jeden Samstag von 09.00 bis 16.00 Uhr (an Feiertagen geschlossen, \u00fcber techn. bedingte weitere Ausnahmen wird vorher hier informiert). F\u00fcr Vereinsmitglieder\u00a0k\u00f6nnen in Abstimmung mit dem Vorstand und einem Schie\u00dfleiter zus\u00e4tzliche\u00a0Sondertrainingstermine\u00a0vereinbart werden. Gastsch\u00fctzen, m\u00e4nnliche oder weiblich,\u00a0 k\u00f6nnen unsere Anlage zu den \u00d6ffnungszeiten am Samstag [&hellip;]<\/p>\n","protected":false},"author":3,"featured_media":0,"parent":0,"menu_order":0,"comment_status":"closed","ping_status":"closed","template":"","meta":{"ocean_post_layout":"","ocean_both_sidebars_style":"","ocean_both_sidebars_content_width":0,"ocean_both_sidebars_sidebars_width":0,"ocean_sidebar":"0","ocean_second_sidebar":"0","ocean_disable_margins":"enable","ocean_add_body_class":"","ocean_shortcode_before_top_bar":"","ocean_shortcode_after_top_bar":"","ocean_shortcode_before_header":"","ocean_shortcode_after_header":"","ocean_has_shortcode":"","ocean_shortcode_after_title":"","ocean_shortcode_before_footer_widgets":"","ocean_shortcode_after_footer_widgets":"","ocean_shortcode_before_footer_bottom":"","ocean_shortcode_after_footer_bottom":"","ocean_display_top_bar":"default","ocean_display_header":"default","ocean_header_style":"","ocean_center_header_left_menu":"0","ocean_custom_header_template":"0","ocean_custom_logo":0,"ocean_custom_retina_logo":0,"ocean_custom_logo_max_width":0,"ocean_custom_logo_tablet_max_width":0,"ocean_custom_logo_mobile_max_width":0,"ocean_custom_logo_max_height":0,"ocean_custom_logo_tablet_max_height":0,"ocean_custom_logo_mobile_max_height":0,"ocean_header_custom_menu":"0","ocean_menu_typo_font_family":"0","ocean_menu_typo_font_subset":"","ocean_menu_typo_font_size":0,"ocean_menu_typo_font_size_tablet":0,"ocean_menu_typo_font_size_mobile":0,"ocean_menu_typo_font_size_unit":"px","ocean_menu_typo_font_weight":"","ocean_menu_typo_font_weight_tablet":"","ocean_menu_typo_font_weight_mobile":"","ocean_menu_typo_transform":"","ocean_menu_typo_transform_tablet":"","ocean_menu_typo_transform_mobile":"","ocean_menu_typo_line_height":0,"ocean_menu_typo_line_height_tablet":0,"ocean_menu_typo_line_height_mobile":0,"ocean_menu_typo_line_height_unit":"","ocean_menu_typo_spacing":0,"ocean_menu_typo_spacing_tablet":0,"ocean_menu_typo_spacing_mobile":0,"ocean_menu_typo_spacing_unit":"","ocean_menu_link_color":"","ocean_menu_link_color_hover":"","ocean_menu_link_color_active":"","ocean_menu_link_background":"","ocean_menu_link_hover_background":"","ocean_menu_link_active_background":"","ocean_menu_social_links_bg":"","ocean_menu_social_hover_links_bg":"","ocean_menu_social_links_color":"","ocean_menu_social_hover_links_color":"","ocean_disable_title":"default","ocean_disable_heading":"default","ocean_post_title":"","ocean_post_subheading":"","ocean_post_title_style":"","ocean_post_title_background_color":"","ocean_post_title_background":0,"ocean_post_title_bg_image_position":"","ocean_post_title_bg_image_attachment":"","ocean_post_title_bg_image_repeat":"","ocean_post_title_bg_image_size":"","ocean_post_title_height":0,"ocean_post_title_bg_overlay":0.5,"ocean_post_title_bg_overlay_color":"","ocean_disable_breadcrumbs":"default","ocean_breadcrumbs_color":"","ocean_breadcrumbs_separator_color":"","ocean_breadcrumbs_links_color":"","ocean_breadcrumbs_links_hover_color":"","ocean_display_footer_widgets":"default","ocean_display_footer_bottom":"default","ocean_custom_footer_template":"0","footnotes":""},"class_list":["post-1791","page","type-page","status-publish","hentry","entry"],"_links":{"self":[{"href":"https:\/\/www.schuetzenverein-umpferstedt.com\/index.php?rest_route=\/wp\/v2\/pages\/1791","targetHints":{"allow":["GET"]}}],"collection":[{"href":"https:\/\/www.schuetzenverein-umpferstedt.com\/index.php?rest_route=\/wp\/v2\/pages"}],"about":[{"href":"https:\/\/www.schuetzenverein-umpferstedt.com\/index.php?rest_route=\/wp\/v2\/types\/page"}],"author":[{"embeddable":true,"href":"https:\/\/www.schuetzenverein-umpferstedt.com\/index.php?rest_route=\/wp\/v2\/users\/3"}],"replies":[{"embeddable":true,"href":"https:\/\/www.schuetzenverein-umpferstedt.com\/index.php?rest_route=%2Fwp%2Fv2%2Fcomments&post=1791"}],"version-history":[{"count":10,"href":"https:\/\/www.schuetzenverein-umpferstedt.com\/index.php?rest_route=\/wp\/v2\/pages\/1791\/revisions"}],"predecessor-version":[{"id":2479,"href":"https:\/\/www.schuetzenverein-umpferstedt.com\/index.php?rest_route=\/wp\/v2\/pages\/1791\/revisions\/2479"}],"wp:attachment":[{"href":"https:\/\/www.schuetzenverein-umpferstedt.com\/index.php?rest_route=%2Fwp%2Fv2%2Fmedia&parent=1791"}],"curies":[{"name":"wp","href":"https:\/\/api.w.org\/{rel}","templated":true}]}}