{"id":1787,"date":"2024-05-06T15:18:55","date_gmt":"2024-05-06T15:18:55","guid":{"rendered":"http:\/\/www.schuetzenverein-umpferstedt.com\/?page_id=1787"},"modified":"2025-02-07T11:20:04","modified_gmt":"2025-02-07T11:20:04","slug":"verbaende","status":"publish","type":"page","link":"https:\/\/www.schuetzenverein-umpferstedt.com\/?page_id=1787","title":{"rendered":"Verb\u00e4nde"},"content":{"rendered":"<h4><span style=\"color: #008000;\"><strong>Unsere Mitgliedschaft in Fachverb\u00e4nden:<\/strong><\/span><\/h4>\n<h2><span style=\"color: #008000;\">Th\u00fcringer Sch\u00fctzenbund e.V. (TSB)<\/span><\/h2>\n<p>Unser Verein und alle Vereinsmitglieder sind Mitglied im <a href=\"https:\/\/www.tsbev.de\/\" target=\"_blank\" rel=\"noopener\">Th\u00fcringer Sch\u00fctzenbund e.V. (TSB<\/a>), einem Landesverband des <a href=\"https:\/\/www.dsb.de\/schiesssport\" target=\"_blank\" rel=\"noopener\">Deutschen Sch\u00fctzenbundes.<\/a> Im Kreisma\u00dfstab sind wir <a href=\"https:\/\/www.schuetzenkreis-weimarer-land.de\/\" target=\"_blank\" rel=\"noopener\">Mitglied im Sch\u00fctzenkreis Weimarer Land<\/a>.<\/p>\n<p><!--more--><\/p>\n<h2><span style=\"color: #008000;\">Bund Deutscher Sportsch\u00fctzen im Landesverband Th\u00fcringen 1993 e.V. (BDS-T)<\/span><\/h2>\n<p>Gleichzeitig sind wir als Verein auch Mitglied im <a href=\"https:\/\/www.bdsthueringen.de\/\" target=\"_blank\" rel=\"noopener\">Bund Deutscher Sportsch\u00fctzen im Landesverband Th\u00fcringen 1993 e.V. (BDS-T)<\/a>.<br \/>\nWenn ein Vereinsmitglied zus\u00e4tzlich Mitglied im BDS-T werden m\u00f6chte, ist ein separater, personenbezogener <span style=\"color: #0000ff;\"><a style=\"color: #0000ff;\" href=\"https:\/\/www.bdsthueringen.de\/attachments\/article\/16\/Antrag%20BDS-Ausweis_5_23.pdf\" target=\"_blank\" rel=\"noopener\"><span class=\"\">Antrag BDS-Ausweis<\/span><\/a><\/span> f\u00fcr die Schie\u00dfgruppe unseres Vereins im BDS-T erforderlich, der von unserem Vereinsvorsitzenden abgezeichnet werden muss. Unser Vereinsmitglied <strong>Dr. Reiner Gro\u00dfmann ist Ansprechpartner in unserer BDS-Schie\u00dfgruppe,<\/strong> sowohl f\u00fcr den BDS Th\u00fcringen, unseren Vorstand und unsere Vereinsmitglieder. Er \u00fcbernimmt die Anmeldung neuer Vereinsmitglieder im BDS nach Genehmigung durch den Vereinsvorsitzenden, die Weiterleitung der Beitragszahlung an den BDS (immer f\u00e4llig bis 31.01 des Jahres an BDS) usw.<br \/>\n&#8212;&#8212;&#8212;&#8212;&#8212;&#8212;&#8212;&#8212;&#8212;&#8212;&#8212;&#8212;&#8212;&#8212;&#8212;&#8212;&#8212;&#8212;&#8212;&#8212;&#8212;&#8212;&#8212;-<br \/>\n<!--more--><span style=\"color: #008000;\"><strong>Unser Verein bietet seinen Mitgliedern durch diese Mitgliedschaft in beiden Verb\u00e4nden ein breites Spektrum an Schie\u00dfsportdisziplinen aus diesen Verb\u00e4nden zur Auswahl an.<br \/>\n<\/strong>(Manche Schie\u00dfsportdisziplinen k\u00f6nnen aber\u00a0 nicht auf unserem Stand ausge\u00fcbt werden, sondern nur als Gast bei anderen Vereinen bzw. auf anderen St\u00e4nden.)<strong><br \/>\n<\/strong><\/span><\/p>\n","protected":false},"excerpt":{"rendered":"<p>Unsere Mitgliedschaft in Fachverb\u00e4nden: Th\u00fcringer Sch\u00fctzenbund e.V. (TSB) Unser Verein und alle Vereinsmitglieder sind Mitglied im Th\u00fcringer Sch\u00fctzenbund e.V. (TSB), einem Landesverband des Deutschen Sch\u00fctzenbundes. Im Kreisma\u00dfstab sind wir Mitglied im Sch\u00fctzenkreis Weimarer Land.<\/p>\n","protected":false},"author":3,"featured_media":0,"parent":0,"menu_order":0,"comment_status":"closed","ping_status":"closed","template":"","meta":{"ocean_post_layout":"","ocean_both_sidebars_style":"","ocean_both_sidebars_content_width":0,"ocean_both_sidebars_sidebars_width":0,"ocean_sidebar":"0","ocean_second_sidebar":"0","ocean_disable_margins":"enable","ocean_add_body_class":"","ocean_shortcode_before_top_bar":"","ocean_shortcode_after_top_bar":"","ocean_shortcode_before_header":"","ocean_shortcode_after_header":"","ocean_has_shortcode":"","ocean_shortcode_after_title":"","ocean_shortcode_before_footer_widgets":"","ocean_shortcode_after_footer_widgets":"","ocean_shortcode_before_footer_bottom":"","ocean_shortcode_after_footer_bottom":"","ocean_display_top_bar":"default","ocean_display_header":"default","ocean_header_style":"","ocean_center_header_left_menu":"0","ocean_custom_header_template":"0","ocean_custom_logo":0,"ocean_custom_retina_logo":0,"ocean_custom_logo_max_width":0,"ocean_custom_logo_tablet_max_width":0,"ocean_custom_logo_mobile_max_width":0,"ocean_custom_logo_max_height":0,"ocean_custom_logo_tablet_max_height":0,"ocean_custom_logo_mobile_max_height":0,"ocean_header_custom_menu":"0","ocean_menu_typo_font_family":"0","ocean_menu_typo_font_subset":"","ocean_menu_typo_font_size":0,"ocean_menu_typo_font_size_tablet":0,"ocean_menu_typo_font_size_mobile":0,"ocean_menu_typo_font_size_unit":"px","ocean_menu_typo_font_weight":"","ocean_menu_typo_font_weight_tablet":"","ocean_menu_typo_font_weight_mobile":"","ocean_menu_typo_transform":"","ocean_menu_typo_transform_tablet":"","ocean_menu_typo_transform_mobile":"","ocean_menu_typo_line_height":0,"ocean_menu_typo_line_height_tablet":0,"ocean_menu_typo_line_height_mobile":0,"ocean_menu_typo_line_height_unit":"","ocean_menu_typo_spacing":0,"ocean_menu_typo_spacing_tablet":0,"ocean_menu_typo_spacing_mobile":0,"ocean_menu_typo_spacing_unit":"","ocean_menu_link_color":"","ocean_menu_link_color_hover":"","ocean_menu_link_color_active":"","ocean_menu_link_background":"","ocean_menu_link_hover_background":"","ocean_menu_link_active_background":"","ocean_menu_social_links_bg":"","ocean_menu_social_hover_links_bg":"","ocean_menu_social_links_color":"","ocean_menu_social_hover_links_color":"","ocean_disable_title":"default","ocean_disable_heading":"default","ocean_post_title":"","ocean_post_subheading":"","ocean_post_title_style":"","ocean_post_title_background_color":"","ocean_post_title_background":0,"ocean_post_title_bg_image_position":"","ocean_post_title_bg_image_attachment":"","ocean_post_title_bg_image_repeat":"","ocean_post_title_bg_image_size":"","ocean_post_title_height":0,"ocean_post_title_bg_overlay":0.5,"ocean_post_title_bg_overlay_color":"","ocean_disable_breadcrumbs":"default","ocean_breadcrumbs_color":"","ocean_breadcrumbs_separator_color":"","ocean_breadcrumbs_links_color":"","ocean_breadcrumbs_links_hover_color":"","ocean_display_footer_widgets":"default","ocean_display_footer_bottom":"default","ocean_custom_footer_template":"0","footnotes":""},"class_list":["post-1787","page","type-page","status-publish","hentry","entry"],"_links":{"self":[{"href":"https:\/\/www.schuetzenverein-umpferstedt.com\/index.php?rest_route=\/wp\/v2\/pages\/1787","targetHints":{"allow":["GET"]}}],"collection":[{"href":"https:\/\/www.schuetzenverein-umpferstedt.com\/index.php?rest_route=\/wp\/v2\/pages"}],"about":[{"href":"https:\/\/www.schuetzenverein-umpferstedt.com\/index.php?rest_route=\/wp\/v2\/types\/page"}],"author":[{"embeddable":true,"href":"https:\/\/www.schuetzenverein-umpferstedt.com\/index.php?rest_route=\/wp\/v2\/users\/3"}],"replies":[{"embeddable":true,"href":"https:\/\/www.schuetzenverein-umpferstedt.com\/index.php?rest_route=%2Fwp%2Fv2%2Fcomments&post=1787"}],"version-history":[{"count":15,"href":"https:\/\/www.schuetzenverein-umpferstedt.com\/index.php?rest_route=\/wp\/v2\/pages\/1787\/revisions"}],"predecessor-version":[{"id":2328,"href":"https:\/\/www.schuetzenverein-umpferstedt.com\/index.php?rest_route=\/wp\/v2\/pages\/1787\/revisions\/2328"}],"wp:attachment":[{"href":"https:\/\/www.schuetzenverein-umpferstedt.com\/index.php?rest_route=%2Fwp%2Fv2%2Fmedia&parent=1787"}],"curies":[{"name":"wp","href":"https:\/\/api.w.org\/{rel}","templated":true}]}}