{"id":1784,"date":"2024-05-06T15:08:34","date_gmt":"2024-05-06T15:08:34","guid":{"rendered":"http:\/\/www.schuetzenverein-umpferstedt.com\/?page_id=1784"},"modified":"2025-07-04T15:59:53","modified_gmt":"2025-07-04T15:59:53","slug":"mitglied-werden","status":"publish","type":"page","link":"https:\/\/www.schuetzenverein-umpferstedt.com\/?page_id=1784","title":{"rendered":"Mitgliedschaft"},"content":{"rendered":"<h4><span style=\"color: #008000;\"><strong>Wer Mitglied werden m\u00f6chte &#8211; Hier Bemerkungen zu unserem Pr\u00e4zisionssport, zur Beantragung der Mitgliedschaft und zur Pflege des Sch\u00fctzenbrauchtums in unserem Verein:<\/strong><\/span><\/h4>\n<h2><span style=\"color: #008000;\"><strong>Unser Sport<\/strong><\/span><\/h2>\n<p><strong>Sportsch\u00fctze zu werden ist eine ausgezeichnete Entscheidung, denn kaum eine Sportart ist so au\u00dfergew\u00f6hnlich, faszinierend, spannend, aufregend und dabei \u2013 man glaubt es kaum \u2013 entschleunigend! Wer diesen Sport w\u00e4hlt, die h\u00f6chste Konzentration, Disziplin und \u00e4u\u00dferste Pr\u00e4zision erfordert, kann davon nicht mehr loslassen.<\/strong><\/p>\n<p>Beim Sportschie\u00dfen h\u00e4ngt der Sieg von der Klarheit des Denkens und der jeweiligen mentalen Selbstbeherrschung ab. Weder Schnelligkeit, St\u00e4rke, Gr\u00f6\u00dfe, Gewicht, Geschlecht noch Alter spielen im Schie\u00dfsport die entscheidende Rolle. Der sportliche Erfolg h\u00e4ngt von der Bereitschaft ab, beim Training und im Wettkampf st\u00e4ndig dazuzulernen. Jeder Sch\u00fctze kann sich eigene Ziele setzen und pers\u00f6nliche Erfolge erleben, ohne einen Gegner niederzuringen.<\/p>\n<p>Unser Sport tr\u00e4gt zur Work-Life-Balance bei, da er eine hervorragende M\u00f6glichkeit bietet, abzuschalten und sich zu entspannen. Zudem unterst\u00fctzt er meditative Eigenschaften und tr\u00e4gt somit zur Stressreduzierung bei.<\/p>\n<p>Es gibt allerdings Diskussionen \u00fcber den privaten Waffenbesitz und die Rolle der Sportsch\u00fctzen in der Gesellschaft. Einige politische Gruppierungen setzen sich kritisch mit dem Schie\u00dfsport auseinander und streben noch strengere Regulierungen an, bis zum Verbot dieses Sports, wie in Diktaturen. Diese Diskussionen sind Teil eines breiteren gesellschaftlichen Dialogs \u00fcber Sicherheit und Waffengesetz.<br \/>\nEs ist wichtig, sich mit diesen Themen differenziert auseinanderzusetzen und die Vorurteile gegen\u00fcber dem Schie\u00dfsport kritisch zu hinterfragen. Wer sich n\u00e4her damit besch\u00e4ftigt, kann schnell erkennen, dass die Vorurteile auf Missverst\u00e4ndnissen und mangelnder Kenntnis der Sportart basieren.<\/p>\n<p><!--more--><\/p>\n<h2><span style=\"color: #008000;\"><strong>Mitglied werden<\/strong><\/span><\/h2>\n<p>Wer Mitglied werden m\u00f6chte, muss einen Aufnahmeantrag (Formular unseres Vereins) beim Vereinsvorsitzenden stellen und ein polizeiliches F\u00fchrungszeugnis vorlegen. \u00dcber die Aufnahme entscheidet der Vereinsvorstand. Nach Beschlussfassung und Best\u00e4tigung der Aufnahme als Mitglied zur Probe durch den Vorstand sind eine einmalige Aufnahmegeb\u00fchr sowie der anteilige Jahresmitgliedsbeitrag zu entrichten. Jugendliche zahlen bis zum Ende ihrer Schulzeit keine Aufnahmegeb\u00fchr oder Jahresbeitr\u00e4ge. Die Probezeit betr\u00e4gt ein Jahr. W\u00e4hrend dieser Zeit integriert sich das neue Mitglied in den Verein und nimmt regelm\u00e4\u00dfig an Veranstaltungen teil. Nach Abschluss der Probezeit entscheidet der Vorstand \u00fcber die endg\u00fcltige Aufnahme.<\/p>\n<p>Interessenten k\u00f6nnen das <strong>Aufnahme-Antragsformular<\/strong> zur Mitgliedschaft in unserem Verein an einem der Vereinsabende \u2013 jeden Donnerstag ab 15:30 Uhr \u2013 oder an den Trainingstagen (samstags) erhalten.<br \/>\nDer Aufnahmeantrag und F\u00fchrungszeugnis sind pers\u00f6nlich beim Vereinsvorsitzenden abzugeben.Hier k\u00f6nnen sie erste Kontakte kn\u00fcpfen sowie weitere Details erfahren.<\/p>\n<p>Unser Verein und alle Vereinsmitglieder sind Mitglied im Th\u00fcringer Sch\u00fctzenbund e.V. (TSB), einem Landesverband des Deutschen Sch\u00fctzenbundes.<br \/>\nGleichzeitig ist der Verein auch Mitglied im Bund Deutscher Sportsch\u00fctzen im Landesverband Th\u00fcringen 1993 e.V. (BDS-T). Wenn ein Vereinsmitglied jedoch pers\u00f6nliches Mitglied im BDS-T werden m\u00f6chte, ist ein separater, personenbezogener Aufnahmeantrag f\u00fcr unsere Schie\u00dfgruppe im BDS-T erforderlich.<\/p>\n<p>Unser Verein bietet seinen Mitgliedern damit ein breites Spektrum an Schie\u00dfsportdisziplinen aus beiden Verb\u00e4nden zur Auswahl an.<\/p>\n<p><!--more--><\/p>\n<h2><span style=\"color: #008000;\"><strong>Pflege des Sch\u00fctzenbrauchtums<\/strong><\/span><\/h2>\n<p><strong>Unser Umpferstedter Sch\u00fctzenverein e.V. wurde 1992 gegr\u00fcndet und ist seitdem auf \u00fcber 70 Mitglieder angewachsen. Den Gr\u00fcndern war es ein Anliegen, das Sch\u00fctzenbrauchtum und die Tradition des Sch\u00fctzenwesens zu pflegen, was auch in der Satzung des Th\u00fcringer Sch\u00fctzenbundes (TSB) \u00a72 verankert ist. Das Ziel des TSB und damit auch unseres Vereins ist die Erhaltung und Pflege des Sch\u00fctzenbrauchtums und der Tradition des Sch\u00fctzenwesens (\u00a72 der Satzung des TSB). Das macht den Unterschied zwischen einem Sch\u00fctzenverein und Schie\u00dfsportverein aus.<br \/>\nDie Deutsche UNESCO-Kommission und die Kultusministerkonferenz haben das \u201eSch\u00fctzenwesen in Deutschland\u201c in das Bundesweite Verzeichnis des immateriellen Kulturerbes aufgenommen. Die Begr\u00fcndung lobt das Sch\u00fctzenwesen \u201eals Ausdruck lokal aktiver Kulturpraxis mit lebendiger Traditionspflege\u201c, mit \u201evielf\u00e4ltigen Ma\u00dfnahmen zur Weitergabe, unterschiedlichen Formen der Jugendarbeit und einer aktiven Pflege regionaler und europ\u00e4ischer Verbindungen. Auch die Verpflichtung gegen\u00fcber sozialem Engagement und ziviler Kultur im Umgang mit Waffentechnik und Waffengebrauch sowie der integrative Charakter\u201c werden hervorgehoben.<br \/>\nMit der offiziellen Anerkennung als kulturelles Erbe erfahren die sportlichen und traditionellen Aktivit\u00e4ten der Sch\u00fctzenvereine eine besondere Best\u00e4tigung und Wertsch\u00e4tzung. Alle Vereine des Deutschen Sch\u00fctzenbundes k\u00f6nnen sich die Auszeichnung zunutze machen und das Pr\u00e4dikat \u201eImmaterielles Kulturerbe\u201c offensiv f\u00fcr ihre \u00d6ffentlichkeitsarbeit nutzen.<br \/>\n<\/strong><\/p>\n<p>Der sportliche und vereinsinterne H\u00f6hepunkt, neben zahlreichen anderen Wettbewerben in unserem Verein, ist jedes Jahr das traditionelle K\u00f6nigsschie\u00dfen. Hier wird der Sch\u00fctzenk\u00f6nig unseres Vereins ermittelt, sowie seine zwei Ritter. Geschossen wird dabei mit Ordonanzgewehren auf 100 m.<\/p>\n<p>Zur Traditionspflege geh\u00f6rt auch die Tracht unseres Vereins. Sie besteht aus der Sch\u00fctzenjacke, mit dem Vereinswappen auf dem linken Oberarm und dem silberfarbenen Eichenlaub am gr\u00fcnen Revers. Dazu geh\u00f6ren eine schwarze Hose, ein wei\u00dfes Hemd, eine gr\u00fcne Sch\u00fctzenkrawatte sowie schwarze Schuhe. Weibliche Vereinsmitglieder k\u00f6nnen anstelle der Hose einen schwarzen Rock w\u00e4hlen und eine wei\u00dfe Bluse tragen, verzichten aber auf die Krawatte. Nicht vollj\u00e4hrige Vereinsmitglieder tragen anstelle der Jacke ein gr\u00fcnes Poloshirt oder einen Pullover mit entsprechender Vereinsaufschrift und dem Vereinswappen auf der Brusttasche.<br \/>\nHier ein Tracht-Muster-Foto bei einer K\u00f6nigskr\u00f6nung:<\/p>\n<p><img loading=\"lazy\" decoding=\"async\" class=\"aligncenter wp-image-1820 size-full\" src=\"http:\/\/www.schuetzenverein-umpferstedt.com\/wordpress\/wp-content\/uploads\/2024\/05\/20170909_205519.jpg\" alt=\"\" width=\"2556\" height=\"2322\" srcset=\"https:\/\/www.schuetzenverein-umpferstedt.com\/wordpress\/wp-content\/uploads\/2024\/05\/20170909_205519.jpg 2556w, https:\/\/www.schuetzenverein-umpferstedt.com\/wordpress\/wp-content\/uploads\/2024\/05\/20170909_205519-300x273.jpg 300w, https:\/\/www.schuetzenverein-umpferstedt.com\/wordpress\/wp-content\/uploads\/2024\/05\/20170909_205519-644x585.jpg 644w, https:\/\/www.schuetzenverein-umpferstedt.com\/wordpress\/wp-content\/uploads\/2024\/05\/20170909_205519-768x698.jpg 768w, https:\/\/www.schuetzenverein-umpferstedt.com\/wordpress\/wp-content\/uploads\/2024\/05\/20170909_205519-1536x1395.jpg 1536w, https:\/\/www.schuetzenverein-umpferstedt.com\/wordpress\/wp-content\/uploads\/2024\/05\/20170909_205519-2048x1861.jpg 2048w\" sizes=\"auto, (max-width: 2556px) 100vw, 2556px\" \/>Im Internet findet man die Sch\u00fctzenjacken z.B. beim \u201eVereinsbedarf-Ausstatter Deitert\u201c unter der Bezeichnung \u201eSch\u00fctzenjacke Hubertus gr\u00fcn meliert\u201c f\u00fcr einen Preis zwischen 160 und 220\u20ac (je nach Gr\u00f6\u00dfe). Auch f\u00fcr Damen gibt es dort die Sch\u00fctzenjacken.<br \/>\n<img loading=\"lazy\" decoding=\"async\" class=\"aligncenter size-medium wp-image-1822\" src=\"http:\/\/www.schuetzenverein-umpferstedt.com\/wordpress\/wp-content\/uploads\/2024\/05\/djacke-214x300.jpg\" alt=\"\" width=\"214\" height=\"300\" srcset=\"https:\/\/www.schuetzenverein-umpferstedt.com\/wordpress\/wp-content\/uploads\/2024\/05\/djacke-214x300.jpg 214w, https:\/\/www.schuetzenverein-umpferstedt.com\/wordpress\/wp-content\/uploads\/2024\/05\/djacke.jpg 487w\" sizes=\"auto, (max-width: 214px) 100vw, 214px\" \/><br \/>\nDie Gr\u00fcnder unseres Vereins errichteten unsere bewundernswerte Anlage mit Sch\u00fctzenhaus durch umfangreiche private finanzielle Aufwendungen und unz\u00e4hlige Arbeitsstunden. Es besteht keine Pflicht, die Tracht bei bestimmten Anl\u00e4ssen zu tragen, aber es sollte als Selbstverst\u00e4ndlichkeit angesehen werden, um unsere Vereinsgr\u00fcnder zu ehren. Neudeutsch k\u00f6nnte man sagen, dass unsere Tracht die Basis unserer Corporate Identity ist. Jedes Vereinsmitglied sollte sich damit identifizieren k\u00f6nnen.<\/p>\n<p><!--more--><\/p>\n<p>&nbsp;<\/p>\n","protected":false},"excerpt":{"rendered":"<p>Wer Mitglied werden m\u00f6chte &#8211; Hier Bemerkungen zu unserem Pr\u00e4zisionssport, zur Beantragung der Mitgliedschaft und zur Pflege des Sch\u00fctzenbrauchtums in unserem Verein: Unser Sport Sportsch\u00fctze zu werden ist eine ausgezeichnete Entscheidung, denn kaum eine Sportart ist so au\u00dfergew\u00f6hnlich, faszinierend, spannend, aufregend und dabei \u2013 man glaubt es kaum \u2013 entschleunigend! Wer diesen Sport w\u00e4hlt, die [&hellip;]<\/p>\n","protected":false},"author":3,"featured_media":0,"parent":0,"menu_order":0,"comment_status":"closed","ping_status":"closed","template":"","meta":{"ocean_post_layout":"","ocean_both_sidebars_style":"","ocean_both_sidebars_content_width":0,"ocean_both_sidebars_sidebars_width":0,"ocean_sidebar":"0","ocean_second_sidebar":"0","ocean_disable_margins":"enable","ocean_add_body_class":"","ocean_shortcode_before_top_bar":"","ocean_shortcode_after_top_bar":"","ocean_shortcode_before_header":"","ocean_shortcode_after_header":"","ocean_has_shortcode":"","ocean_shortcode_after_title":"","ocean_shortcode_before_footer_widgets":"","ocean_shortcode_after_footer_widgets":"","ocean_shortcode_before_footer_bottom":"","ocean_shortcode_after_footer_bottom":"","ocean_display_top_bar":"default","ocean_display_header":"default","ocean_header_style":"","ocean_center_header_left_menu":"0","ocean_custom_header_template":"0","ocean_custom_logo":0,"ocean_custom_retina_logo":0,"ocean_custom_logo_max_width":0,"ocean_custom_logo_tablet_max_width":0,"ocean_custom_logo_mobile_max_width":0,"ocean_custom_logo_max_height":0,"ocean_custom_logo_tablet_max_height":0,"ocean_custom_logo_mobile_max_height":0,"ocean_header_custom_menu":"0","ocean_menu_typo_font_family":"0","ocean_menu_typo_font_subset":"","ocean_menu_typo_font_size":0,"ocean_menu_typo_font_size_tablet":0,"ocean_menu_typo_font_size_mobile":0,"ocean_menu_typo_font_size_unit":"px","ocean_menu_typo_font_weight":"","ocean_menu_typo_font_weight_tablet":"","ocean_menu_typo_font_weight_mobile":"","ocean_menu_typo_transform":"","ocean_menu_typo_transform_tablet":"","ocean_menu_typo_transform_mobile":"","ocean_menu_typo_line_height":0,"ocean_menu_typo_line_height_tablet":0,"ocean_menu_typo_line_height_mobile":0,"ocean_menu_typo_line_height_unit":"","ocean_menu_typo_spacing":0,"ocean_menu_typo_spacing_tablet":0,"ocean_menu_typo_spacing_mobile":0,"ocean_menu_typo_spacing_unit":"","ocean_menu_link_color":"","ocean_menu_link_color_hover":"","ocean_menu_link_color_active":"","ocean_menu_link_background":"","ocean_menu_link_hover_background":"","ocean_menu_link_active_background":"","ocean_menu_social_links_bg":"","ocean_menu_social_hover_links_bg":"","ocean_menu_social_links_color":"","ocean_menu_social_hover_links_color":"","ocean_disable_title":"default","ocean_disable_heading":"default","ocean_post_title":"","ocean_post_subheading":"","ocean_post_title_style":"","ocean_post_title_background_color":"","ocean_post_title_background":0,"ocean_post_title_bg_image_position":"","ocean_post_title_bg_image_attachment":"","ocean_post_title_bg_image_repeat":"","ocean_post_title_bg_image_size":"","ocean_post_title_height":0,"ocean_post_title_bg_overlay":0.5,"ocean_post_title_bg_overlay_color":"","ocean_disable_breadcrumbs":"default","ocean_breadcrumbs_color":"","ocean_breadcrumbs_separator_color":"","ocean_breadcrumbs_links_color":"","ocean_breadcrumbs_links_hover_color":"","ocean_display_footer_widgets":"default","ocean_display_footer_bottom":"default","ocean_custom_footer_template":"0","footnotes":""},"class_list":["post-1784","page","type-page","status-publish","hentry","entry"],"_links":{"self":[{"href":"https:\/\/www.schuetzenverein-umpferstedt.com\/index.php?rest_route=\/wp\/v2\/pages\/1784","targetHints":{"allow":["GET"]}}],"collection":[{"href":"https:\/\/www.schuetzenverein-umpferstedt.com\/index.php?rest_route=\/wp\/v2\/pages"}],"about":[{"href":"https:\/\/www.schuetzenverein-umpferstedt.com\/index.php?rest_route=\/wp\/v2\/types\/page"}],"author":[{"embeddable":true,"href":"https:\/\/www.schuetzenverein-umpferstedt.com\/index.php?rest_route=\/wp\/v2\/users\/3"}],"replies":[{"embeddable":true,"href":"https:\/\/www.schuetzenverein-umpferstedt.com\/index.php?rest_route=%2Fwp%2Fv2%2Fcomments&post=1784"}],"version-history":[{"count":27,"href":"https:\/\/www.schuetzenverein-umpferstedt.com\/index.php?rest_route=\/wp\/v2\/pages\/1784\/revisions"}],"predecessor-version":[{"id":2414,"href":"https:\/\/www.schuetzenverein-umpferstedt.com\/index.php?rest_route=\/wp\/v2\/pages\/1784\/revisions\/2414"}],"wp:attachment":[{"href":"https:\/\/www.schuetzenverein-umpferstedt.com\/index.php?rest_route=%2Fwp%2Fv2%2Fmedia&parent=1784"}],"curies":[{"name":"wp","href":"https:\/\/api.w.org\/{rel}","templated":true}]}}