{"id":1788,"date":"2024-05-06T15:15:36","date_gmt":"2024-05-06T15:15:36","guid":{"rendered":"http:\/\/www.schuetzenverein-umpferstedt.com\/?page_id=1788"},"modified":"2024-08-02T09:17:00","modified_gmt":"2024-08-02T09:17:00","slug":"disziplinen","status":"publish","type":"page","link":"http:\/\/www.schuetzenverein-umpferstedt.com\/?page_id=1788","title":{"rendered":"Disziplinen"},"content":{"rendered":"<h4><span style=\"color: #008000;\"><strong>M\u00f6gliche Disziplinen in unserem Verein:<br \/>\n<\/strong><\/span><\/h4>\n<p><em>(Manche Disziplinen k\u00f6nnen nur auf St\u00e4nden anderer Vereine ausge\u00fcbt werden. Die Bogen- sowie Biathlon-Disziplinen im DSB sind f\u00fcr unseren Verein nicht relevant)<\/em><\/p>\n<h3><span style=\"color: #008000;\">Deutscher Sch\u00fctzenbund Disziplinen <\/span><\/h3>\n<p><a href=\"https:\/\/dsb.de\/fileadmin\/dsb\/sportordnung\/\" target=\"_blank\" rel=\"noopener\"><span style=\"color: #008000;\">Hier Link mit detaillierteren Infos in der Sportordnung des DSB<\/span><\/a><\/p>\n<p><img loading=\"lazy\" decoding=\"async\" class=\"aligncenter wp-image-1831 size-full\" src=\"http:\/\/www.schuetzenverein-umpferstedt.com\/wordpress\/wp-content\/uploads\/2024\/05\/dsbdisziplin.png\" alt=\"\" width=\"1767\" height=\"2360\" srcset=\"http:\/\/www.schuetzenverein-umpferstedt.com\/wordpress\/wp-content\/uploads\/2024\/05\/dsbdisziplin.png 1767w, http:\/\/www.schuetzenverein-umpferstedt.com\/wordpress\/wp-content\/uploads\/2024\/05\/dsbdisziplin-225x300.png 225w, http:\/\/www.schuetzenverein-umpferstedt.com\/wordpress\/wp-content\/uploads\/2024\/05\/dsbdisziplin-644x860.png 644w, http:\/\/www.schuetzenverein-umpferstedt.com\/wordpress\/wp-content\/uploads\/2024\/05\/dsbdisziplin-768x1026.png 768w, http:\/\/www.schuetzenverein-umpferstedt.com\/wordpress\/wp-content\/uploads\/2024\/05\/dsbdisziplin-1150x1536.png 1150w, http:\/\/www.schuetzenverein-umpferstedt.com\/wordpress\/wp-content\/uploads\/2024\/05\/dsbdisziplin-1533x2048.png 1533w\" sizes=\"auto, (max-width: 1767px) 100vw, 1767px\" \/><\/p>\n<h3><span style=\"color: #008000;\">Th\u00fcringer Sch\u00fctzenbund Disziplinen mit Kennziffer<\/span><\/h3>\n<h3><img loading=\"lazy\" decoding=\"async\" class=\"aligncenter wp-image-1826 size-full\" src=\"http:\/\/www.schuetzenverein-umpferstedt.com\/wordpress\/wp-content\/uploads\/2024\/05\/Disziplinen-TSB.png\" alt=\"\" width=\"1489\" height=\"2038\" srcset=\"http:\/\/www.schuetzenverein-umpferstedt.com\/wordpress\/wp-content\/uploads\/2024\/05\/Disziplinen-TSB.png 1489w, http:\/\/www.schuetzenverein-umpferstedt.com\/wordpress\/wp-content\/uploads\/2024\/05\/Disziplinen-TSB-219x300.png 219w, http:\/\/www.schuetzenverein-umpferstedt.com\/wordpress\/wp-content\/uploads\/2024\/05\/Disziplinen-TSB-644x881.png 644w, http:\/\/www.schuetzenverein-umpferstedt.com\/wordpress\/wp-content\/uploads\/2024\/05\/Disziplinen-TSB-768x1051.png 768w, http:\/\/www.schuetzenverein-umpferstedt.com\/wordpress\/wp-content\/uploads\/2024\/05\/Disziplinen-TSB-1122x1536.png 1122w\" sizes=\"auto, (max-width: 1489px) 100vw, 1489px\" \/><\/h3>\n<p><!--more--><\/p>\n<h3><span style=\"color: #008000;\">Bund Deutscher Sportsch\u00fctzen 1975 e.V. (BDS) <\/span><strong><span style=\"color: #008000;\">Kennziffernlisten:<\/span><\/strong><\/h3>\n<ul>\n<li style=\"list-style-type: none;\">\n<ul class=\"list-unstyled\">\n<li class=\"li-pos li-fa li-fa-pdf\"><a href=\"https:\/\/www.bdsnet.de\/ressourcen\/downloads\/kennziffernliste_gelb_18-01-2023.pdf\" target=\"_blank\" rel=\"noopener\">Kennziffernliste_Gelb_18-01-2023<\/a><\/li>\n<li class=\"li-pos li-fa li-fa-pdf\"><a href=\"https:\/\/www.bdsnet.de\/ressourcen\/downloads\/kennziffernliste_gr\u00fcn_28-11-2023.pdf\" target=\"_blank\" rel=\"noopener\">Kenziffernliste:_Gr\u00fcn_28-11<\/a><a style=\"color: #5687c3; outline: 0px;\" href=\"https:\/\/www.bdsnet.de\/ressourcen\/downloads\/kennziffernliste_gr\u00fcn_28-11-2023.pdf\">-2023<\/a><\/li>\n<\/ul>\n<\/li>\n<\/ul>\n<p>In den BDS-Standarddisziplinen sind die &#8222;Disziplinenbl\u00e4tter&#8220; f\u00fcr viele Vereine ein unverzichtbares Informationsmedium geworden, die man hier als PDF&#8217;s herunterladen kann.<br \/>\nDas gilt nat\u00fcrlich auch f\u00fcr die \u00fcbrigen Wettbewerbe: Aktuell werden auch Disziplinenbl\u00e4tter f\u00fcr die anderen BDS-Bereiche erstellt, die nach und nach hier erg\u00e4nzt werden.<\/p>\n<p><strong>Detaillierte Angaben finden Sie in unserem<br \/>\n<a href=\"https:\/\/www.bdsnet.de\/standard\/sporthandbuch.html\" target=\"_blank\" rel=\"noopener\">Sporthandbuch<\/a> und dem <a href=\"https:\/\/www.bdsnet.de\/standard\/sporthandbuch.html\" target=\"_blank\" rel=\"noopener\">Kommentar<\/a>!<\/strong><\/p>\n<p>&nbsp;<\/p>\n<ul class=\"list-unstyled\">\n<li class=\"li-pos li-fa li-fa-pdf\"><a href=\"https:\/\/www.bdsnet.de\/ressourcen\/downloads\/disziplinblatt 25m kurzwaffe.pdf\" target=\"_blank\" rel=\"noopener\">Disziplinblatt 25m Kurzwaffe<\/a><\/li>\n<li class=\"li-pos li-fa li-fa-pdf\"><a href=\"https:\/\/www.bdsnet.de\/ressourcen\/downloads\/disziplinblatt 25m pr\u00e4zision b\u00fcchse.pdf\" target=\"_blank\" rel=\"noopener\">Disziplinblatt 25m Pr\u00e4zision B\u00fcchse<\/a><\/li>\n<li class=\"li-pos li-fa li-fa-pdf\"><a href=\"https:\/\/www.bdsnet.de\/ressourcen\/downloads\/disziplinblatt 50m langwaffe.pdf\" target=\"_blank\" rel=\"noopener\">Disziplinblatt 50m Langwaffe<\/a><\/li>\n<li class=\"li-pos li-fa li-fa-pdf\"><a href=\"https:\/\/www.bdsnet.de\/ressourcen\/downloads\/disziplinblatt 100m langwaffe.pdf\" target=\"_blank\" rel=\"noopener\">Disziplinblatt 100m Langwaffe<\/a><\/li>\n<li class=\"li-pos li-fa li-fa-pdf\"><a href=\"https:\/\/www.bdsnet.de\/ressourcen\/downloads\/disziplinblatt 300m langwaffe.pdf\" target=\"_blank\" rel=\"noopener\">Disziplinblatt 300m Langwaffe<\/a><\/li>\n<li class=\"li-pos li-fa li-fa-pdf\"><a href=\"https:\/\/www.bdsnet.de\/ressourcen\/downloads\/disziplinblatt fallscheibe.pdf\" target=\"_blank\" rel=\"noopener\">Disziplinblatt Fallscheibe<\/a><\/li>\n<li class=\"li-pos li-fa li-fa-pdf\"><a href=\"https:\/\/www.bdsnet.de\/ressourcen\/downloads\/disziplinblatt field target.pdf\" target=\"_blank\" rel=\"noopener\">Disziplinblatt Field Target<\/a><\/li>\n<li class=\"li-pos li-fa li-fa-pdf\"><a href=\"https:\/\/www.bdsnet.de\/ressourcen\/downloads\/disziplinblatt mehrdistanz b\u00fcchse.pdf\" target=\"_blank\" rel=\"noopener\">Disziplinblatt Mehrdistanz B\u00fcchse<\/a><\/li>\n<li class=\"li-pos li-fa li-fa-pdf\"><a href=\"https:\/\/www.bdsnet.de\/ressourcen\/downloads\/disziplinblatt mehrdistanz flinte.pdf\" target=\"_blank\" rel=\"noopener\">Disziplinblatt Mehrdistanz Flinte<\/a><\/li>\n<li class=\"li-pos li-fa li-fa-pdf\"><a href=\"https:\/\/www.bdsnet.de\/ressourcen\/downloads\/disziplinblatt mehrdistanz kurzwaffe.pdf\" target=\"_blank\" rel=\"noopener\">Disziplinblatt Mehrdistanz Kurzwaffe<\/a><\/li>\n<li class=\"li-pos li-fa li-fa-pdf\"><a href=\"https:\/\/www.bdsnet.de\/ressourcen\/downloads\/disziplinblatt speed schie\u00dfen.pdf\" target=\"_blank\" rel=\"noopener\">Disziplinblatt Speed Schie\u00dfen<\/a><\/li>\n<li class=\"li-pos li-fa li-fa-pdf\"><a href=\"https:\/\/www.bdsnet.de\/ressourcen\/downloads\/disziplinblatt silhouette.pdf\" target=\"_blank\" rel=\"noopener\">Disziplinblatt Silhouette<\/a><\/li>\n<li class=\"li-pos li-fa li-fa-pdf\"><a href=\"https:\/\/www.bdsnet.de\/ressourcen\/downloads\/disziplinblatt speed steel.pdf\" target=\"_blank\" rel=\"noopener\">Disziplinblatt Speed Steel<\/a><\/li>\n<\/ul>\n<h3><\/h3>\n<h3><\/h3>\n<h3><\/h3>\n<h3><\/h3>\n<h3><\/h3>\n<h3><\/h3>\n<h3><\/h3>\n<h3><\/h3>\n<h3><\/h3>\n<h3><\/h3>\n","protected":false},"excerpt":{"rendered":"<p>M\u00f6gliche Disziplinen in unserem Verein: (Manche Disziplinen k\u00f6nnen nur auf St\u00e4nden anderer Vereine ausge\u00fcbt werden. Die Bogen- sowie Biathlon-Disziplinen im DSB sind f\u00fcr unseren Verein nicht relevant) Deutscher Sch\u00fctzenbund Disziplinen Hier Link mit detaillierteren Infos in der Sportordnung des DSB Th\u00fcringer Sch\u00fctzenbund Disziplinen mit Kennziffer<\/p>\n","protected":false},"author":3,"featured_media":0,"parent":0,"menu_order":0,"comment_status":"closed","ping_status":"closed","template":"","meta":{"ocean_post_layout":"","ocean_both_sidebars_style":"","ocean_both_sidebars_content_width":0,"ocean_both_sidebars_sidebars_width":0,"ocean_sidebar":"","ocean_second_sidebar":"","ocean_disable_margins":"enable","ocean_add_body_class":"","ocean_shortcode_before_top_bar":"","ocean_shortcode_after_top_bar":"","ocean_shortcode_before_header":"","ocean_shortcode_after_header":"","ocean_has_shortcode":"","ocean_shortcode_after_title":"","ocean_shortcode_before_footer_widgets":"","ocean_shortcode_after_footer_widgets":"","ocean_shortcode_before_footer_bottom":"","ocean_shortcode_after_footer_bottom":"","ocean_display_top_bar":"default","ocean_display_header":"default","ocean_header_style":"","ocean_center_header_left_menu":"","ocean_custom_header_template":"","ocean_custom_logo":0,"ocean_custom_retina_logo":0,"ocean_custom_logo_max_width":0,"ocean_custom_logo_tablet_max_width":0,"ocean_custom_logo_mobile_max_width":0,"ocean_custom_logo_max_height":0,"ocean_custom_logo_tablet_max_height":0,"ocean_custom_logo_mobile_max_height":0,"ocean_header_custom_menu":"","ocean_menu_typo_font_family":"","ocean_menu_typo_font_subset":"","ocean_menu_typo_font_size":0,"ocean_menu_typo_font_size_tablet":0,"ocean_menu_typo_font_size_mobile":0,"ocean_menu_typo_font_size_unit":"px","ocean_menu_typo_font_weight":"","ocean_menu_typo_font_weight_tablet":"","ocean_menu_typo_font_weight_mobile":"","ocean_menu_typo_transform":"","ocean_menu_typo_transform_tablet":"","ocean_menu_typo_transform_mobile":"","ocean_menu_typo_line_height":0,"ocean_menu_typo_line_height_tablet":0,"ocean_menu_typo_line_height_mobile":0,"ocean_menu_typo_line_height_unit":"","ocean_menu_typo_spacing":0,"ocean_menu_typo_spacing_tablet":0,"ocean_menu_typo_spacing_mobile":0,"ocean_menu_typo_spacing_unit":"","ocean_menu_link_color":"","ocean_menu_link_color_hover":"","ocean_menu_link_color_active":"","ocean_menu_link_background":"","ocean_menu_link_hover_background":"","ocean_menu_link_active_background":"","ocean_menu_social_links_bg":"","ocean_menu_social_hover_links_bg":"","ocean_menu_social_links_color":"","ocean_menu_social_hover_links_color":"","ocean_disable_title":"default","ocean_disable_heading":"default","ocean_post_title":"","ocean_post_subheading":"","ocean_post_title_style":"","ocean_post_title_background_color":"","ocean_post_title_background":0,"ocean_post_title_bg_image_position":"","ocean_post_title_bg_image_attachment":"","ocean_post_title_bg_image_repeat":"","ocean_post_title_bg_image_size":"","ocean_post_title_height":0,"ocean_post_title_bg_overlay":0.5,"ocean_post_title_bg_overlay_color":"","ocean_disable_breadcrumbs":"default","ocean_breadcrumbs_color":"","ocean_breadcrumbs_separator_color":"","ocean_breadcrumbs_links_color":"","ocean_breadcrumbs_links_hover_color":"","ocean_display_footer_widgets":"default","ocean_display_footer_bottom":"default","ocean_custom_footer_template":"","footnotes":""},"class_list":["post-1788","page","type-page","status-publish","hentry","entry"],"_links":{"self":[{"href":"http:\/\/www.schuetzenverein-umpferstedt.com\/index.php?rest_route=\/wp\/v2\/pages\/1788","targetHints":{"allow":["GET"]}}],"collection":[{"href":"http:\/\/www.schuetzenverein-umpferstedt.com\/index.php?rest_route=\/wp\/v2\/pages"}],"about":[{"href":"http:\/\/www.schuetzenverein-umpferstedt.com\/index.php?rest_route=\/wp\/v2\/types\/page"}],"author":[{"embeddable":true,"href":"http:\/\/www.schuetzenverein-umpferstedt.com\/index.php?rest_route=\/wp\/v2\/users\/3"}],"replies":[{"embeddable":true,"href":"http:\/\/www.schuetzenverein-umpferstedt.com\/index.php?rest_route=%2Fwp%2Fv2%2Fcomments&post=1788"}],"version-history":[{"count":15,"href":"http:\/\/www.schuetzenverein-umpferstedt.com\/index.php?rest_route=\/wp\/v2\/pages\/1788\/revisions"}],"predecessor-version":[{"id":2042,"href":"http:\/\/www.schuetzenverein-umpferstedt.com\/index.php?rest_route=\/wp\/v2\/pages\/1788\/revisions\/2042"}],"wp:attachment":[{"href":"http:\/\/www.schuetzenverein-umpferstedt.com\/index.php?rest_route=%2Fwp%2Fv2%2Fmedia&parent=1788"}],"curies":[{"name":"wp","href":"https:\/\/api.w.org\/{rel}","templated":true}]}}